{"id":913,"date":"2026-03-19T06:53:36","date_gmt":"2026-03-19T05:53:36","guid":{"rendered":"https:\/\/electroniqueloire.fr\/?page_id=913"},"modified":"2026-03-22T15:29:02","modified_gmt":"2026-03-22T14:29:02","slug":"services-2","status":"publish","type":"page","link":"https:\/\/electroniqueloire.fr\/index.php\/services-2\/","title":{"rendered":"Autres prestations"},"content":{"rendered":"\n<div class=\"wp-block-stackable-hero stk-block-hero stk-block stk-40844f6 is-style-default\" data-v=\"2\" data-block-id=\"40844f6\"><style>.stk-40844f6-inner-blocks{justify-content:center !important;}.stk-40844f6-container{background-color:var(--theme-palette-color-5, #303030) !important;}.stk-40844f6-container:before{background-color:var(--theme-palette-color-5, #303030) !important;}.stk-40844f6 .stk-block-hero__content{min-height:100px !important;align-items:center !important;display:flex !important;}<\/style><div class=\"stk-block-hero__content stk-content-align stk-40844f6-column stk-container stk-40844f6-container stk-hover-parent\"><div class=\"stk-block-content stk-inner-blocks has-text-align-center stk--column-flex stk-40844f6-inner-blocks\">\n<div class=\"wp-block-stackable-heading stk-block-heading stk-block-heading--v2 stk-block stk-d43524e\" id=\"autres-pre-proposes\" data-block-id=\"d43524e\"><h2 class=\"stk-block-heading__text\">Diverses autres prestations propos\u00e9es<\/h2><\/div>\n<\/div><\/div><\/div>\n\n\n\n<div class=\"wp-block-stackable-feature stk-block-feature stk-block stk-e0b0a75 is-style-default\" data-v=\"2\" data-block-id=\"e0b0a75\"><style>.stk-e0b0a75 {--stk-feature-flex-wrap:nowrap !important;}<\/style><div class=\"stk-content-align stk-e0b0a75-column stk-container stk-e0b0a75-container stk--no-background stk--no-padding\"><div class=\"stk-inner-blocks stk-block-content stk-row\">\n<div class=\"wp-block-stackable-column stk-block-column stk-column stk-block stk-65494ad\" data-v=\"4\" data-block-id=\"65494ad\"><style>.stk-65494ad {align-self:center !important;}<\/style><div class=\"stk-column-wrapper stk-block-column__content stk-container stk-65494ad-container stk--no-background stk--no-padding\"><div class=\"stk-block-content stk-inner-blocks stk-65494ad-inner-blocks\">\n<div class=\"wp-block-stackable-heading stk-block-heading stk-block-heading--v2 stk-block stk-efc1478\" id=\"correction-definitive-drift-des-manettes-de-ps\" data-block-id=\"efc1478\"><h2 class=\"stk-block-heading__text\">Correction d\u00e9finitive du drift des manettes de PS5<\/h2><\/div>\n\n\n\n<div class=\"wp-block-stackable-text stk-block-text stk-block stk-29cf5fd\" data-block-id=\"29cf5fd\"><p class=\"stk-block-text__text\">Remplacement du\/des joysticks d\u00e9fectueux des manettes Dualsense de Sony par des mod\u00e8les TMR (capteur magn\u00e9tique tr\u00e8s haute fr\u00e9quence) pour ne plus jamais subir les d\u00e9rives li\u00e9es au potentiom\u00e8tres d&#8217;origine.<\/p><\/div>\n\n\n<\/div><\/div><\/div>\n\n\n\n<div class=\"wp-block-stackable-column stk-block-column stk-column stk-block stk-3b4f481\" data-v=\"4\" data-block-id=\"3b4f481\"><style>.stk-3b4f481 {align-self:center !important;}<\/style><div class=\"stk-column-wrapper stk-block-column__content stk-container stk-3b4f481-container stk--no-background stk--no-padding\"><div class=\"stk-block-content stk-inner-blocks stk-3b4f481-inner-blocks\">\n<div class=\"wp-block-stackable-carousel stk-block-carousel stk--is-slide stk--infinite-scroll stk--arrows-justify-space-between stk--arrows-align-center stk-block stk-1703847\" data-slides-to-show=\"1\" data-block-id=\"1703847\"><style>.stk-1703847 {--slides-to-show:1 !important;}<\/style><div class=\"stk-block-carousel__content-wrapper\"><div class=\"stk-row stk-inner-blocks stk-block-content stk-block-carousel__slider-wrapper stk-content-align stk-1703847-column\"><div class=\"stk-block-carousel__slider\" role=\"list\" data-autoplay=\"2000\" data-label-slide-of=\"Slide %%d of %%d\" tabindex=\"0\">\n<div class=\"wp-block-stackable-column stk-block-column stk-column stk-block stk-8824ab3\" data-v=\"4\" data-block-id=\"8824ab3\"><div class=\"stk-column-wrapper stk-block-column__content stk-container stk-8824ab3-container stk--no-background stk--no-padding\"><div class=\"stk-block-content stk-inner-blocks stk-8824ab3-inner-blocks\">\n<figure class=\"wp-block-image size-large\"><img loading=\"lazy\" decoding=\"async\" width=\"1024\" height=\"768\" src=\"https:\/\/electroniqueloire.fr\/wp-content\/uploads\/2026\/03\/20260125_160724-1024x768.jpg\" alt=\"manettes ps5\" class=\"wp-image-916\" srcset=\"https:\/\/electroniqueloire.fr\/wp-content\/uploads\/2026\/03\/20260125_160724-1024x768.jpg 1024w, https:\/\/electroniqueloire.fr\/wp-content\/uploads\/2026\/03\/20260125_160724-scaled-600x450.jpg 600w, https:\/\/electroniqueloire.fr\/wp-content\/uploads\/2026\/03\/20260125_160724-300x225.jpg 300w, https:\/\/electroniqueloire.fr\/wp-content\/uploads\/2026\/03\/20260125_160724-768x576.jpg 768w, https:\/\/electroniqueloire.fr\/wp-content\/uploads\/2026\/03\/20260125_160724-1536x1152.jpg 1536w, https:\/\/electroniqueloire.fr\/wp-content\/uploads\/2026\/03\/20260125_160724-2048x1536.jpg 2048w\" sizes=\"auto, (max-width: 1024px) 100vw, 1024px\" \/><\/figure>\n<\/div><\/div><\/div>\n\n\n\n<div class=\"wp-block-stackable-column stk-block-column stk-column stk-block stk-c3cb499\" data-v=\"4\" data-block-id=\"c3cb499\"><div class=\"stk-column-wrapper stk-block-column__content stk-container stk-c3cb499-container stk--no-background stk--no-padding\"><div class=\"stk-block-content stk-inner-blocks stk-c3cb499-inner-blocks\">\n<figure class=\"wp-block-image size-large\"><img decoding=\"async\" src=\"https:\/\/electroniqueloire.fr\/wp-content\/uploads\/2026\/03\/20260114_122225-1024x768.jpg\" alt=\"carte ps5\" class=\"wp-image-922\"\/><\/figure>\n<\/div><\/div><\/div>\n\n\n\n<div class=\"wp-block-stackable-column stk-block-column stk-column stk-block stk-cb6053f\" data-v=\"4\" data-block-id=\"cb6053f\"><div class=\"stk-column-wrapper stk-block-column__content stk-container stk-cb6053f-container stk--no-background stk--no-padding\"><div class=\"stk-block-content stk-inner-blocks stk-cb6053f-inner-blocks\">\n<figure class=\"wp-block-image size-large\"><img loading=\"lazy\" decoding=\"async\" width=\"1024\" height=\"751\" src=\"https:\/\/electroniqueloire.fr\/wp-content\/uploads\/2026\/03\/20260115_153231-1024x751.jpg\" alt=\"carte ps5 joysticks\" class=\"wp-image-917\" srcset=\"https:\/\/electroniqueloire.fr\/wp-content\/uploads\/2026\/03\/20260115_153231-1024x751.jpg 1024w, https:\/\/electroniqueloire.fr\/wp-content\/uploads\/2026\/03\/20260115_153231-scaled-600x440.jpg 600w, https:\/\/electroniqueloire.fr\/wp-content\/uploads\/2026\/03\/20260115_153231-300x220.jpg 300w, https:\/\/electroniqueloire.fr\/wp-content\/uploads\/2026\/03\/20260115_153231-768x563.jpg 768w, https:\/\/electroniqueloire.fr\/wp-content\/uploads\/2026\/03\/20260115_153231-1536x1126.jpg 1536w, https:\/\/electroniqueloire.fr\/wp-content\/uploads\/2026\/03\/20260115_153231-2048x1502.jpg 2048w\" sizes=\"auto, (max-width: 1024px) 100vw, 1024px\" \/><\/figure>\n<\/div><\/div><\/div>\n<\/div><div class=\"stk-block-carousel__buttons\"><button class=\"stk-block-carousel__button stk-block-carousel__button__prev\" aria-label=\"Previous slide\"><svg aria-hidden=\"true\" focusable=\"false\" data-prefix=\"fas\" data-icon=\"chevron-left\" class=\"svg-inline--fa fa-chevron-left\" xmlns=\"http:\/\/www.w3.org\/2000\/svg\" viewBox=\"0 0 320 512\" width=\"32\" height=\"32\"><path d=\"M34.52 239.03L228.87 44.69c9.37-9.37 24.57-9.37 33.94 0l22.67 22.67c9.36 9.36 9.37 24.52.04 33.9L131.49 256l154.02 154.75c9.34 9.38 9.32 24.54-.04 33.9l-22.67 22.67c-9.37 9.37-24.57 9.37-33.94 0L34.52 272.97c-9.37-9.37-9.37-24.57 0-33.94z\"><\/path><\/svg><\/button><button class=\"stk-block-carousel__button stk-block-carousel__button__next\" aria-label=\"Next slide\"><svg aria-hidden=\"true\" focusable=\"false\" data-prefix=\"fas\" data-icon=\"chevron-right\" class=\"svg-inline--fa fa-chevron-right\" xmlns=\"http:\/\/www.w3.org\/2000\/svg\" viewBox=\"0 0 320 512\" width=\"32\" height=\"32\"><path d=\"M285.476 272.971L91.132 467.314c-9.373 9.373-24.569 9.373-33.941 0l-22.667-22.667c-9.357-9.357-9.375-24.522-.04-33.901L188.505 256 34.484 101.255c-9.335-9.379-9.317-24.544.04-33.901l22.667-22.667c9.373-9.373 24.569-9.373 33.941 0L285.475 239.03c9.373 9.372 9.373 24.568.001 33.941z\"><\/path><\/svg><\/button><\/div><\/div><div class=\"stk-block-carousel__dots\" role=\"list\" data-label=\"Slide %%d\"><\/div><\/div><\/div>\n<\/div><\/div><\/div>\n<\/div><\/div><\/div>\n\n\n\n<p><\/p>\n","protected":false},"excerpt":{"rendered":"<p>R\u00e9paration \/ correction du drift des joysticks des manettes de PS5 \/ Playstation 5<\/p>\n","protected":false},"author":1,"featured_media":916,"parent":0,"menu_order":0,"comment_status":"closed","ping_status":"closed","template":"","meta":{"footnotes":""},"class_list":["post-913","page","type-page","status-publish","has-post-thumbnail","hentry"],"blocksy_meta":[],"_links":{"self":[{"href":"https:\/\/electroniqueloire.fr\/index.php\/wp-json\/wp\/v2\/pages\/913","targetHints":{"allow":["GET"]}}],"collection":[{"href":"https:\/\/electroniqueloire.fr\/index.php\/wp-json\/wp\/v2\/pages"}],"about":[{"href":"https:\/\/electroniqueloire.fr\/index.php\/wp-json\/wp\/v2\/types\/page"}],"author":[{"embeddable":true,"href":"https:\/\/electroniqueloire.fr\/index.php\/wp-json\/wp\/v2\/users\/1"}],"replies":[{"embeddable":true,"href":"https:\/\/electroniqueloire.fr\/index.php\/wp-json\/wp\/v2\/comments?post=913"}],"version-history":[{"count":12,"href":"https:\/\/electroniqueloire.fr\/index.php\/wp-json\/wp\/v2\/pages\/913\/revisions"}],"predecessor-version":[{"id":1018,"href":"https:\/\/electroniqueloire.fr\/index.php\/wp-json\/wp\/v2\/pages\/913\/revisions\/1018"}],"wp:featuredmedia":[{"embeddable":true,"href":"https:\/\/electroniqueloire.fr\/index.php\/wp-json\/wp\/v2\/media\/916"}],"wp:attachment":[{"href":"https:\/\/electroniqueloire.fr\/index.php\/wp-json\/wp\/v2\/media?parent=913"}],"curies":[{"name":"wp","href":"https:\/\/api.w.org\/{rel}","templated":true}]}}