{"id":768,"date":"2022-02-23T21:06:07","date_gmt":"2022-02-23T21:06:07","guid":{"rendered":"https:\/\/startersites.io\/stagingfour\/?page_id=768"},"modified":"2026-03-25T01:41:23","modified_gmt":"2026-03-25T00:41:23","slug":"about-us","status":"publish","type":"page","link":"https:\/\/electroniqueloire.fr\/index.php\/about-us\/","title":{"rendered":"A propos"},"content":{"rendered":"\n<div class=\"wp-block-stackable-spacer stk-block-spacer stk--no-padding stk-block stk-6090630\" data-block-id=\"6090630\"><\/div>\n\n\n\n<div class=\"wp-block-stackable-columns stk-block-columns stk-block stk-5850aec\" data-block-id=\"5850aec\"><style>.stk-5850aec .stk--block-align-5850aec{align-items:center !important;}.stk-5850aec {border-radius:8px !important;overflow:hidden !important;margin-bottom:0px !important;}@media screen and (max-width:689px){.stk-5850aec-column{row-gap:35px !important;}}<\/style><div class=\"stk-row stk-inner-blocks stk--block-align-5850aec stk-block-content stk-content-align stk-5850aec-column\">\n<div class=\"wp-block-stackable-column stk-block-column stk-column stk-block stk-bfa2a48\" data-v=\"4\" data-block-id=\"bfa2a48\"><style>.stk-bfa2a48-container{margin-top:0px !important;margin-right:0px !important;margin-bottom:0px !important;margin-left:0px !important;}.stk-bfa2a48 {align-self:center !important;}<\/style><div class=\"stk-column-wrapper stk-block-column__content stk-container stk-bfa2a48-container stk--no-background stk--no-padding\"><div class=\"has-text-align-left has-text-align-center-mobile stk-block-content stk-inner-blocks stk-bfa2a48-inner-blocks\">\n<div class=\"wp-block-stackable-image-box stk-block-image-box stk-hover-parent stk-block stk-342a88b\" data-block-id=\"342a88b\"><div class=\"stk-block-content stk-inner-blocks has-text-align-center stk-row stk-block-image-box__content\">\n<div class=\"wp-block-stackable-image aligncenter stk-block-image has-text-align-center stk-block stk-e1c22e5\" data-block-id=\"e1c22e5\"><style>.stk-e1c22e5 .stk-img-wrapper{width:77% !important;height:499px !important;}<\/style><figure><span class=\"stk-img-wrapper stk-image--shape-stretch\"><img loading=\"lazy\" decoding=\"async\" class=\"stk-img wp-image-804\" src=\"https:\/\/electroniqueloire.fr\/wp-content\/uploads\/2026\/03\/hasa_cmb-laptop-9901758_1920.png\" width=\"1920\" height=\"1920\" srcset=\"https:\/\/electroniqueloire.fr\/wp-content\/uploads\/2026\/03\/hasa_cmb-laptop-9901758_1920.png 1920w, https:\/\/electroniqueloire.fr\/wp-content\/uploads\/2026\/03\/hasa_cmb-laptop-9901758_1920-300x300.png 300w, https:\/\/electroniqueloire.fr\/wp-content\/uploads\/2026\/03\/hasa_cmb-laptop-9901758_1920-100x100.png 100w, https:\/\/electroniqueloire.fr\/wp-content\/uploads\/2026\/03\/hasa_cmb-laptop-9901758_1920-600x600.png 600w, https:\/\/electroniqueloire.fr\/wp-content\/uploads\/2026\/03\/hasa_cmb-laptop-9901758_1920-500x500.png 500w, https:\/\/electroniqueloire.fr\/wp-content\/uploads\/2026\/03\/hasa_cmb-laptop-9901758_1920-1024x1024.png 1024w, https:\/\/electroniqueloire.fr\/wp-content\/uploads\/2026\/03\/hasa_cmb-laptop-9901758_1920-150x150.png 150w, https:\/\/electroniqueloire.fr\/wp-content\/uploads\/2026\/03\/hasa_cmb-laptop-9901758_1920-768x768.png 768w, https:\/\/electroniqueloire.fr\/wp-content\/uploads\/2026\/03\/hasa_cmb-laptop-9901758_1920-1536x1536.png 1536w\" sizes=\"auto, (max-width: 1920px) 100vw, 1920px\" \/><\/span><\/figure><\/div>\n\n\n\n<div class=\"wp-block-stackable-column stk-block-column stk-column stk-block stk-f11311c\" data-v=\"4\" data-block-id=\"f11311c\"><style>.stk-f11311c {align-items:center !important;display:flex !important;}<\/style><div class=\"stk-column-wrapper stk-block-column__content stk-container stk-f11311c-container stk--no-background stk--no-padding\"><div class=\"stk-block-content stk-inner-blocks stk-f11311c-inner-blocks\"><\/div><\/div><\/div>\n<\/div><\/div>\n<\/div><\/div><\/div>\n\n\n\n<div class=\"wp-block-stackable-column stk-block-column stk-column stk-block stk-fb7eef2\" data-v=\"4\" data-block-id=\"fb7eef2\"><style>.stk-fb7eef2-container{margin-top:0px !important;margin-right:0px !important;margin-bottom:0px !important;margin-left:0px !important;}<\/style><div class=\"stk-column-wrapper stk-block-column__content stk-container stk-fb7eef2-container stk--no-background stk--no-padding\"><div class=\"stk-block-content stk-inner-blocks stk-fb7eef2-inner-blocks\">\n<div class=\"wp-block-stackable-text stk-block-text stk-block stk-4e3dee4\" data-block-id=\"4e3dee4\"><style>.stk-4e3dee4 {margin-bottom:16px !important;}.stk-4e3dee4 .stk-block-text__text{color:var(--theme-palette-color-1, #e65616) !important;font-weight:900 !important;text-transform:uppercase !important;}<\/style><p class=\"stk-block-text__text has-text-color has-palette-color-1-color has-text-align-center-mobile\">nos points forts<\/p><\/div>\n\n\n\n<div class=\"wp-block-stackable-heading stk-block-heading stk-block-heading--v2 stk-block stk-6f2b099\" id=\"souplesse-reactivite-couts-maitrises\" data-block-id=\"6f2b099\"><style>.stk-6f2b099 {margin-bottom:60px !important;}.stk-6f2b099 .stk-block-heading__text{line-height:1.2em !important;font-weight:800 !important;text-transform:capitalize !important;}@media screen and (max-width:689px){.stk-6f2b099 .stk-block-heading__text{font-size:25px !important;}}<\/style><h2 class=\"stk-block-heading__text has-text-align-center-mobile\">Souplesse, r\u00e9activit\u00e9, couts maitris\u00e9s<\/h2><\/div>\n\n\n\n<div class=\"wp-block-stackable-columns stk-block-columns stk-block stk-d968f1f\" data-block-id=\"d968f1f\"><style>.stk-d968f1f {margin-bottom:50px !important;}.stk-d968f1f-column{--stk-column-gap:5px !important;row-gap:15px !important;}<\/style><div class=\"stk-row stk-inner-blocks stk-block-content stk-content-align stk-d968f1f-column\">\n<div class=\"wp-block-stackable-column stk-block-column stk-column stk-block stk-bd1fe80\" data-v=\"4\" data-block-id=\"bd1fe80\"><style>.stk-bd1fe80-container{margin-top:0px !important;margin-right:0px !important;margin-bottom:0px !important;margin-left:0px !important;}@media screen and (min-width:690px){.stk-bd1fe80 {flex:var(--stk-flex-grow, 1) 1 calc(13% - var(--stk-column-gap, 0px) * 1 \/ 2 ) !important;}}<\/style><div class=\"stk-column-wrapper stk-block-column__content stk-container stk-bd1fe80-container stk--no-background stk--no-padding\"><div class=\"stk-block-content stk-inner-blocks stk-bd1fe80-inner-blocks\">\n<div class=\"wp-block-stackable-heading stk-block-heading stk-block-heading--v2 stk-block stk-6187258\" id=\"1\" data-block-id=\"6187258\"><style>.stk-6187258 .stk-block-heading__text{color:var(--theme-palette-color-1, #e65616) !important;font-weight:800 !important;}<\/style><h3 class=\"stk-block-heading__text has-text-color has-palette-color-1-color has-text-align-center-mobile stk-block-heading--use-theme-margins\">#1<\/h3><\/div>\n<\/div><\/div><\/div>\n\n\n\n<div class=\"wp-block-stackable-column stk-block-column stk-column stk-block stk-ee3bbef\" data-v=\"4\" data-block-id=\"ee3bbef\"><style>.stk-ee3bbef-container{margin-top:0px !important;margin-right:0px !important;margin-bottom:0px !important;margin-left:0px !important;}@media screen and (min-width:690px){.stk-ee3bbef {flex:var(--stk-flex-grow, 1) 1 calc(87% - var(--stk-column-gap, 0px) * 1 \/ 2 ) !important;}}<\/style><div class=\"stk-column-wrapper stk-block-column__content stk-container stk-ee3bbef-container stk--no-background stk--no-padding\"><div class=\"stk-block-content stk-inner-blocks stk-ee3bbef-inner-blocks\">\n<div class=\"wp-block-stackable-heading stk-block-heading stk-block-heading--v2 stk-block stk-7f1bba1\" id=\"strong-notre-mission-strong\" data-block-id=\"7f1bba1\"><style>.stk-7f1bba1 {margin-bottom:5px !important;}.stk-7f1bba1 .stk-block-heading__text{color:var(--theme-palette-color-4, #ffffff) !important;}<\/style><h5 class=\"stk-block-heading__text has-text-color has-palette-color-4-color has-text-align-center-mobile stk-block-heading--use-theme-margins\"><strong>Notre mission<\/strong><\/h5><\/div>\n\n\n\n<div class=\"wp-block-stackable-text stk-block-text stk-block stk-7fef662\" data-block-id=\"7fef662\"><style>.stk-7fef662 .stk-block-text__text{color:var(--theme-palette-color-4, #ffffff) !important;}<\/style><p class=\"stk-block-text__text has-text-color has-palette-color-4-color has-text-align-center-mobile\">Accompagner les particuliers ainsi que les entreprises dans les domaines techniques li\u00e9s de pr\u00e8s ou de loin \u00e0 l\u2019\u00e9lectronique.<\/p><\/div>\n<\/div><\/div><\/div>\n<\/div><\/div>\n\n\n\n<div class=\"wp-block-stackable-columns stk-block-columns stk-block stk-9d61493\" data-block-id=\"9d61493\"><style>.stk-9d61493 {margin-bottom:50px !important;}.stk-9d61493-column{--stk-column-gap:5px !important;row-gap:15px !important;}<\/style><div class=\"stk-row stk-inner-blocks stk-block-content stk-content-align stk-9d61493-column\">\n<div class=\"wp-block-stackable-column stk-block-column stk-column stk-block stk-7097a3f\" data-v=\"4\" data-block-id=\"7097a3f\"><style>.stk-7097a3f-container{margin-top:0px !important;margin-right:0px !important;margin-bottom:0px !important;margin-left:0px !important;}@media screen and (min-width:690px){.stk-7097a3f {flex:var(--stk-flex-grow, 1) 1 calc(13% - var(--stk-column-gap, 0px) * 1 \/ 2 ) !important;}}<\/style><div class=\"stk-column-wrapper stk-block-column__content stk-container stk-7097a3f-container stk--no-background stk--no-padding\"><div class=\"stk-block-content stk-inner-blocks stk-7097a3f-inner-blocks\">\n<div class=\"wp-block-stackable-heading stk-block-heading stk-block-heading--v2 stk-block stk-528516c\" id=\"2\" data-block-id=\"528516c\"><style>.stk-528516c .stk-block-heading__text{color:var(--theme-palette-color-1, #e65616) !important;font-weight:800 !important;}<\/style><h3 class=\"stk-block-heading__text has-text-color has-palette-color-1-color has-text-align-center-mobile stk-block-heading--use-theme-margins\">#2<\/h3><\/div>\n<\/div><\/div><\/div>\n\n\n\n<div class=\"wp-block-stackable-column stk-block-column stk-column stk-block stk-0d9e1b1\" data-v=\"4\" data-block-id=\"0d9e1b1\"><style>.stk-0d9e1b1-container{margin-top:0px !important;margin-right:0px !important;margin-bottom:0px !important;margin-left:0px !important;}@media screen and (min-width:690px){.stk-0d9e1b1 {flex:var(--stk-flex-grow, 1) 1 calc(87% - var(--stk-column-gap, 0px) * 1 \/ 2 ) !important;}}<\/style><div class=\"stk-column-wrapper stk-block-column__content stk-container stk-0d9e1b1-container stk--no-background stk--no-padding\"><div class=\"stk-block-content stk-inner-blocks stk-0d9e1b1-inner-blocks\">\n<div class=\"wp-block-stackable-heading stk-block-heading stk-block-heading--v2 stk-block stk-ade317f\" id=\"strong-strong-nos-objectifs-strong-strong\" data-block-id=\"ade317f\"><style>.stk-ade317f {margin-bottom:5px !important;}.stk-ade317f .stk-block-heading__text{color:var(--theme-palette-color-4, #ffffff) !important;}<\/style><h5 class=\"stk-block-heading__text has-text-color has-palette-color-4-color has-text-align-center-mobile stk-block-heading--use-theme-margins\"><strong><strong>Nos objectifs<\/strong><\/strong><\/h5><\/div>\n\n\n\n<div class=\"wp-block-stackable-text stk-block-text stk-block stk-09fc247\" data-block-id=\"09fc247\"><style>.stk-09fc247 .stk-block-text__text{color:var(--theme-palette-color-4, #ffffff) !important;}<\/style><p class=\"stk-block-text__text has-text-color has-palette-color-4-color has-text-align-center-mobile\">Trouver une solution correspondant \u00e0 votre projet, prenant en compte vos contraintes, pour mener celui ci \u00e0 bien<\/p><\/div>\n<\/div><\/div><\/div>\n<\/div><\/div>\n\n\n\n<div class=\"wp-block-stackable-columns stk-block-columns stk-block stk-b8cc8e6\" data-block-id=\"b8cc8e6\"><style>.stk-b8cc8e6 {margin-bottom:50px !important;}.stk-b8cc8e6-column{--stk-column-gap:5px !important;row-gap:15px !important;}<\/style><div class=\"stk-row stk-inner-blocks stk-block-content stk-content-align stk-b8cc8e6-column\">\n<div class=\"wp-block-stackable-column stk-block-column stk-column stk-block stk-c1b66c7\" data-v=\"4\" data-block-id=\"c1b66c7\"><style>.stk-c1b66c7-container{margin-top:0px !important;margin-right:0px !important;margin-bottom:0px !important;margin-left:0px !important;}@media screen and (min-width:690px){.stk-c1b66c7 {flex:var(--stk-flex-grow, 1) 1 calc(13% - var(--stk-column-gap, 0px) * 1 \/ 2 ) !important;}}<\/style><div class=\"stk-column-wrapper stk-block-column__content stk-container stk-c1b66c7-container stk--no-background stk--no-padding\"><div class=\"stk-block-content stk-inner-blocks stk-c1b66c7-inner-blocks\">\n<div class=\"wp-block-stackable-heading stk-block-heading stk-block-heading--v2 stk-block stk-6617625\" id=\"3\" data-block-id=\"6617625\"><style>.stk-6617625 .stk-block-heading__text{color:var(--theme-palette-color-1, #e65616) !important;font-weight:800 !important;}<\/style><h3 class=\"stk-block-heading__text has-text-color has-palette-color-1-color has-text-align-center-mobile stk-block-heading--use-theme-margins\">#3<\/h3><\/div>\n<\/div><\/div><\/div>\n\n\n\n<div class=\"wp-block-stackable-column stk-block-column stk-column stk-block stk-41d14b0\" data-v=\"4\" data-block-id=\"41d14b0\"><style>.stk-41d14b0-container{margin-top:0px !important;margin-right:0px !important;margin-bottom:0px !important;margin-left:0px !important;}@media screen and (min-width:690px){.stk-41d14b0 {flex:var(--stk-flex-grow, 1) 1 calc(87% - var(--stk-column-gap, 0px) * 1 \/ 2 ) !important;}}<\/style><div class=\"stk-column-wrapper stk-block-column__content stk-container stk-41d14b0-container stk--no-background stk--no-padding\"><div class=\"stk-block-content stk-inner-blocks stk-41d14b0-inner-blocks\">\n<div class=\"wp-block-stackable-heading stk-block-heading stk-block-heading--v2 stk-block stk-c81c7d4\" id=\"strong-strong-strong-pourquoi-nous-strong-strong-strong\" data-block-id=\"c81c7d4\"><style>.stk-c81c7d4 {margin-bottom:5px !important;}.stk-c81c7d4 .stk-block-heading__text{color:var(--theme-palette-color-4, #ffffff) !important;}<\/style><h5 class=\"stk-block-heading__text has-text-color has-palette-color-4-color has-text-align-center-mobile stk-block-heading--use-theme-margins\"><strong><strong><strong>Pourquoi nous?<\/strong><\/strong><\/strong><\/h5><\/div>\n\n\n\n<div class=\"wp-block-stackable-text stk-block-text stk-block stk-1d7e05a\" data-block-id=\"1d7e05a\"><style>.stk-1d7e05a .stk-block-text__text{color:var(--theme-palette-color-4, #ffffff) !important;}<\/style><p class=\"stk-block-text__text has-text-color has-palette-color-4-color has-text-align-center-mobile\">Pour limiter l&#8217;inertie habituelle des bureaux d&#8217;\u00e9tudes conventionnels (frais d&#8217;\u00e9tudes tr\u00e8s \u00e9lev\u00e9s, longs d\u00e9lais)<\/p><\/div>\n<\/div><\/div><\/div>\n<\/div><\/div>\n\n\n\n<div class=\"wp-block-stackable-button-group stk-block-button-group stk-block stk-b383bc8\" data-block-id=\"b383bc8\"><style>.stk-b383bc8 {margin-bottom:0px !important;}<\/style><div class=\"stk-row stk-inner-blocks has-text-align-center-mobile stk-block-content stk-button-group\">\n<div class=\"wp-block-stackable-button stk-block-button stk-block stk-84472b6\" data-block-id=\"84472b6\"><style>.stk-84472b6 .stk-button{padding-top:14px !important;padding-right:40px !important;padding-bottom:14px !important;padding-left:40px !important;background:var(--theme-palette-color-1, #e65616) !important;border-top-left-radius:8px !important;border-top-right-radius:8px !important;border-bottom-right-radius:8px !important;border-bottom-left-radius:8px !important;}.stk-84472b6 .stk-button:before{border-top-width:2px !important;border-right-width:2px !important;border-bottom-width:2px !important;border-left-width:2px !important;}.stk-84472b6 .stk-button__inner-text{font-size:15px !important;font-weight:bold !important;text-transform:uppercase !important;}@media screen and (max-width:999px){.stk-84472b6 .stk-button__inner-text{font-size:15px !important;}}<\/style><a class=\"stk-link stk-button stk--hover-effect-darken\" href=\"https:\/\/electroniqueloire.fr\/index.php\/contact-us\/#parlons-de-votre-projet\"><span class=\"stk-button__inner-text\">En savoir plus<\/span><\/a><\/div>\n<\/div><\/div>\n<\/div><\/div><\/div>\n<\/div><\/div>\n","protected":false},"excerpt":{"rendered":"<p>nos points forts Souplesse, r\u00e9activit\u00e9, couts maitris\u00e9s #1 Notre mission Accompagner les particuliers ainsi que les entreprises dans les domaines techniques li\u00e9s de pr\u00e8s ou de loin \u00e0 l\u2019\u00e9lectronique. #2 Nos objectifs Trouver une solution correspondant \u00e0 votre projet, prenant en compte vos contraintes, pour mener celui ci \u00e0 bien #3 Pourquoi nous? Pour limiter [&hellip;]<\/p>\n","protected":false},"author":1,"featured_media":0,"parent":0,"menu_order":0,"comment_status":"closed","ping_status":"closed","template":"","meta":{"footnotes":""},"class_list":["post-768","page","type-page","status-publish","hentry"],"blocksy_meta":{"styles_descriptor":{"styles":{"desktop":"","tablet":"","mobile":""},"google_fonts":[],"version":6}},"_links":{"self":[{"href":"https:\/\/electroniqueloire.fr\/index.php\/wp-json\/wp\/v2\/pages\/768","targetHints":{"allow":["GET"]}}],"collection":[{"href":"https:\/\/electroniqueloire.fr\/index.php\/wp-json\/wp\/v2\/pages"}],"about":[{"href":"https:\/\/electroniqueloire.fr\/index.php\/wp-json\/wp\/v2\/types\/page"}],"author":[{"embeddable":true,"href":"https:\/\/electroniqueloire.fr\/index.php\/wp-json\/wp\/v2\/users\/1"}],"replies":[{"embeddable":true,"href":"https:\/\/electroniqueloire.fr\/index.php\/wp-json\/wp\/v2\/comments?post=768"}],"version-history":[{"count":9,"href":"https:\/\/electroniqueloire.fr\/index.php\/wp-json\/wp\/v2\/pages\/768\/revisions"}],"predecessor-version":[{"id":1104,"href":"https:\/\/electroniqueloire.fr\/index.php\/wp-json\/wp\/v2\/pages\/768\/revisions\/1104"}],"wp:attachment":[{"href":"https:\/\/electroniqueloire.fr\/index.php\/wp-json\/wp\/v2\/media?parent=768"}],"curies":[{"name":"wp","href":"https:\/\/api.w.org\/{rel}","templated":true}]}}